{"id":71,"date":"2026-02-11T07:42:31","date_gmt":"2026-02-11T07:42:31","guid":{"rendered":"https:\/\/medvetconsult.ro\/wordpress\/?page_id=71"},"modified":"2026-02-19T12:09:52","modified_gmt":"2026-02-19T12:09:52","slug":"contact","status":"publish","type":"page","link":"https:\/\/medvetconsult.ro\/wordpress\/index.php\/contact\/","title":{"rendered":"CONTACT"},"content":{"rendered":"\n<p>\ud83d\ude3a\ud83d\udc36<strong>CABINET MEDICAL VETERINAR INDIVIDUAL<\/strong> <strong>DE CONSULTAN\u021a\u0102<\/strong><\/p>\n\n\n\n<div class=\"wp-block-group is-vertical is-content-justification-stretch is-layout-flex wp-container-core-group-is-layout-b16ad781 wp-block-group-is-layout-flex\">\n<p><strong>Medic veterinar titular:<\/strong>&nbsp;<strong>DR. DANCIU ABRAHAM VASILE-CRISTIAN<\/strong>, absolvent al USAMV CJ, Facultatea de Medicin\u0103 Veterinar\u0103. <\/p>\n\n\n\n<p><\/p>\n\n\n\n<p><strong>\u260e 0040740458590<\/strong><\/p>\n\n\n\n<p class=\"wp-block-image\" data-wp-editing=\"1\">WhatsApp<strong> 0040740458590<\/strong><\/p>\n\n\n\n<p><strong>\ud83d\udce7 drdanciu@yahoo.com<\/strong><\/p>\n<\/div>\n\n\n\n\n\n<div class=\"wp-block-columns is-layout-flex wp-container-core-columns-is-layout-9d6595d7 wp-block-columns-is-layout-flex\">\n<div class=\"wp-block-column is-layout-flow wp-block-column-is-layout-flow\"><\/div>\n\n\n\n<div class=\"wp-block-column is-layout-flow wp-block-column-is-layout-flow\"><\/div>\n<\/div>\n\n\n\n<p><\/p>\n","protected":false},"excerpt":{"rendered":"<p>\ud83d\ude3a\ud83d\udc36CABINET MEDICAL VETERINAR INDIVIDUAL DE CONSULTAN\u021a\u0102 Medic veterinar titular:&nbsp;DR. DANCIU ABRAHAM VASILE-CRISTIAN, absolvent al USAMV CJ, Facultatea de Medicin\u0103 Veterinar\u0103. \u260e 0040740458590 WhatsApp 0040740458590 \ud83d\udce7 drdanciu@yahoo.com <a class=\"continue-reading-link\" href=\"https:\/\/medvetconsult.ro\/wordpress\/index.php\/contact\/\">Continue reading<\/a><\/p>\n","protected":false},"author":2,"featured_media":0,"parent":0,"menu_order":0,"comment_status":"closed","ping_status":"closed","template":"","meta":{"footnotes":""},"class_list":["post-71","page","type-page","status-publish","hentry"],"_links":{"self":[{"href":"https:\/\/medvetconsult.ro\/wordpress\/index.php\/wp-json\/wp\/v2\/pages\/71","targetHints":{"allow":["GET"]}}],"collection":[{"href":"https:\/\/medvetconsult.ro\/wordpress\/index.php\/wp-json\/wp\/v2\/pages"}],"about":[{"href":"https:\/\/medvetconsult.ro\/wordpress\/index.php\/wp-json\/wp\/v2\/types\/page"}],"author":[{"embeddable":true,"href":"https:\/\/medvetconsult.ro\/wordpress\/index.php\/wp-json\/wp\/v2\/users\/2"}],"replies":[{"embeddable":true,"href":"https:\/\/medvetconsult.ro\/wordpress\/index.php\/wp-json\/wp\/v2\/comments?post=71"}],"version-history":[{"count":7,"href":"https:\/\/medvetconsult.ro\/wordpress\/index.php\/wp-json\/wp\/v2\/pages\/71\/revisions"}],"predecessor-version":[{"id":185,"href":"https:\/\/medvetconsult.ro\/wordpress\/index.php\/wp-json\/wp\/v2\/pages\/71\/revisions\/185"}],"wp:attachment":[{"href":"https:\/\/medvetconsult.ro\/wordpress\/index.php\/wp-json\/wp\/v2\/media?parent=71"}],"curies":[{"name":"wp","href":"https:\/\/api.w.org\/{rel}","templated":true}]}}