{"id":52,"date":"2026-02-11T07:13:39","date_gmt":"2026-02-11T07:13:39","guid":{"rendered":"https:\/\/medvetconsult.ro\/wordpress\/?page_id=52"},"modified":"2026-02-17T06:43:41","modified_gmt":"2026-02-17T06:43:41","slug":"despre-noi","status":"publish","type":"page","link":"https:\/\/medvetconsult.ro\/wordpress\/index.php\/despre-noi\/","title":{"rendered":"DESPRE NOI"},"content":{"rendered":"\n<p>\ud83d\ude3a\ud83d\udc36<strong>CABINET MEDICAL VETERINAR INDIVIDUAL<\/strong> <strong>DE CONSULTAN\u021a\u0102<\/strong><\/p>\n\n\n\n<div class=\"wp-block-columns is-layout-flex wp-container-core-columns-is-layout-9d6595d7 wp-block-columns-is-layout-flex\">\n<div class=\"wp-block-column is-layout-flow wp-block-column-is-layout-flow\">\n<p><strong>Medic veterinar titular:<\/strong>&nbsp;<strong>DR. DANCIU ABRAHAM VASILE-CRISTIAN<\/strong>, absolvent al USAMV CJ , Facultatea de Medicin\u0103 Veterinar\u0103.<\/p>\n\n\n\n<p>Activit\u0103\u021bi autorizate: DIFERITE SERVICII DE SPECIALITATE, CONSULTAN\u021a\u0102 TEHNIC\u0102 \u0218I LEGISLATIV\u0102, SANITAR\u0102 VETERINAR\u0102.<\/p>\n\n\n\n<p><strong>&nbsp;<\/strong>Consultan\u021b\u0103 rapid\u0103, r\u0103spunsuri clare pe:<\/p>\n\n\n\n<p> Telefon <strong>\u260e\ufe0f0040740458590<\/strong><\/p>\n\n\n\n<p>WhatsApp <strong>0040740458590<\/strong><\/p>\n\n\n\n<p>&nbsp;e-mail \ud83d\udce7 drdanciu@yahoo.com&nbsp;<\/p>\n<\/div>\n\n\n\n<div class=\"wp-block-column is-layout-flow wp-block-column-is-layout-flow\">\n<figure class=\"wp-block-image size-full\"><img loading=\"lazy\" decoding=\"async\" width=\"725\" height=\"504\" src=\"https:\/\/medvetconsult.ro\/wordpress\/wp-content\/uploads\/2026\/02\/logo.jpeg\" alt=\"\" class=\"wp-image-21\" srcset=\"https:\/\/medvetconsult.ro\/wordpress\/wp-content\/uploads\/2026\/02\/logo.jpeg 725w, https:\/\/medvetconsult.ro\/wordpress\/wp-content\/uploads\/2026\/02\/logo-600x417.jpeg 600w, https:\/\/medvetconsult.ro\/wordpress\/wp-content\/uploads\/2026\/02\/logo-300x209.jpeg 300w, https:\/\/medvetconsult.ro\/wordpress\/wp-content\/uploads\/2026\/02\/logo-503x350.jpeg 503w, https:\/\/medvetconsult.ro\/wordpress\/wp-content\/uploads\/2026\/02\/logo-150x104.jpeg 150w\" sizes=\"auto, (max-width: 725px) 100vw, 725px\" \/><\/figure>\n<\/div>\n<\/div>\n\n\n\n<p><strong>Ajutor rapid pentru s\u0103n\u0103tatea animalului t\u0103u:<\/strong><\/p>\n\n\n\n<p><strong>Indiferent dac\u0103 ai nevoie de o consultan\u021b\u0103  telefonic\u0103, WhatApp sau e-mail, m\u0103 po\u021bi contacta pentru a primi suport rapid \u0219i eficient \u00een rezolvarea problemelor de s\u0103n\u0103tate ale animalului t\u0103u.<\/strong><br>Timpul maxim de r\u0103spuns este de\u00a0<strong>2 ore<\/strong> pentru consultan\u021ba online, iar consultan\u021ba se efectueaz\u0103\u00a0<strong>dup\u0103 confirmarea pl\u0103\u021bii<\/strong>, pe baza de factur\u0103, realizat\u0103 \u00een avans <strong>\u00een cont bancar<\/strong>.\u00a0<strong>Consultan\u021ba pentru animalul t\u0103u cost\u0103 75 lei<\/strong>.<\/p>\n\n\n\n<figure class=\"wp-block-image size-large\"><img loading=\"lazy\" decoding=\"async\" width=\"1024\" height=\"576\" src=\"https:\/\/medvetconsult.ro\/wordpress\/wp-content\/uploads\/2026\/02\/WhatsApp-Image-2026-02-10-at-14.37.16-1024x576.jpeg\" alt=\"\" class=\"wp-image-24\" srcset=\"https:\/\/medvetconsult.ro\/wordpress\/wp-content\/uploads\/2026\/02\/WhatsApp-Image-2026-02-10-at-14.37.16-1024x576.jpeg 1024w, https:\/\/medvetconsult.ro\/wordpress\/wp-content\/uploads\/2026\/02\/WhatsApp-Image-2026-02-10-at-14.37.16-600x338.jpeg 600w, https:\/\/medvetconsult.ro\/wordpress\/wp-content\/uploads\/2026\/02\/WhatsApp-Image-2026-02-10-at-14.37.16-300x169.jpeg 300w, https:\/\/medvetconsult.ro\/wordpress\/wp-content\/uploads\/2026\/02\/WhatsApp-Image-2026-02-10-at-14.37.16-768x432.jpeg 768w, https:\/\/medvetconsult.ro\/wordpress\/wp-content\/uploads\/2026\/02\/WhatsApp-Image-2026-02-10-at-14.37.16-622x350.jpeg 622w, https:\/\/medvetconsult.ro\/wordpress\/wp-content\/uploads\/2026\/02\/WhatsApp-Image-2026-02-10-at-14.37.16-150x84.jpeg 150w, https:\/\/medvetconsult.ro\/wordpress\/wp-content\/uploads\/2026\/02\/WhatsApp-Image-2026-02-10-at-14.37.16.jpeg 1280w\" sizes=\"auto, (max-width: 1024px) 100vw, 1024px\" \/><\/figure>\n","protected":false},"excerpt":{"rendered":"<p>\ud83d\ude3a\ud83d\udc36CABINET MEDICAL VETERINAR INDIVIDUAL DE CONSULTAN\u021a\u0102 Medic veterinar titular:&nbsp;DR. DANCIU ABRAHAM VASILE-CRISTIAN, absolvent al USAMV CJ , Facultatea de Medicin\u0103 Veterinar\u0103. Activit\u0103\u021bi autorizate: DIFERITE SERVICII DE SPECIALITATE, CONSULTAN\u021a\u0102 TEHNIC\u0102 \u0218I LEGISLATIV\u0102, SANITAR\u0102 VETERINAR\u0102. &nbsp;Consultan\u021b\u0103 rapid\u0103, r\u0103spunsuri clare pe: Telefon \u260e\ufe0f0040740458590 WhatsApp 0040740458590 &nbsp;e-mail \ud83d\udce7 drdanciu@yahoo.com&nbsp; Ajutor rapid pentru s\u0103n\u0103tatea animalului&#8230; <a class=\"continue-reading-link\" href=\"https:\/\/medvetconsult.ro\/wordpress\/index.php\/despre-noi\/\">Continue reading<\/a><\/p>\n","protected":false},"author":2,"featured_media":0,"parent":0,"menu_order":0,"comment_status":"closed","ping_status":"closed","template":"","meta":{"footnotes":""},"class_list":["post-52","page","type-page","status-publish","hentry"],"_links":{"self":[{"href":"https:\/\/medvetconsult.ro\/wordpress\/index.php\/wp-json\/wp\/v2\/pages\/52","targetHints":{"allow":["GET"]}}],"collection":[{"href":"https:\/\/medvetconsult.ro\/wordpress\/index.php\/wp-json\/wp\/v2\/pages"}],"about":[{"href":"https:\/\/medvetconsult.ro\/wordpress\/index.php\/wp-json\/wp\/v2\/types\/page"}],"author":[{"embeddable":true,"href":"https:\/\/medvetconsult.ro\/wordpress\/index.php\/wp-json\/wp\/v2\/users\/2"}],"replies":[{"embeddable":true,"href":"https:\/\/medvetconsult.ro\/wordpress\/index.php\/wp-json\/wp\/v2\/comments?post=52"}],"version-history":[{"count":12,"href":"https:\/\/medvetconsult.ro\/wordpress\/index.php\/wp-json\/wp\/v2\/pages\/52\/revisions"}],"predecessor-version":[{"id":145,"href":"https:\/\/medvetconsult.ro\/wordpress\/index.php\/wp-json\/wp\/v2\/pages\/52\/revisions\/145"}],"wp:attachment":[{"href":"https:\/\/medvetconsult.ro\/wordpress\/index.php\/wp-json\/wp\/v2\/media?parent=52"}],"curies":[{"name":"wp","href":"https:\/\/api.w.org\/{rel}","templated":true}]}}