{"id":32,"date":"2026-02-10T14:35:07","date_gmt":"2026-02-10T14:35:07","guid":{"rendered":"https:\/\/medvetconsult.ro\/wordpress\/?page_id=32"},"modified":"2026-02-10T14:35:07","modified_gmt":"2026-02-10T14:35:07","slug":"politica-de-confidentialitate","status":"publish","type":"page","link":"https:\/\/medvetconsult.ro\/wordpress\/index.php\/politica-de-confidentialitate\/","title":{"rendered":"POLITICA DE CONFIDEN\u021aIALITATE"},"content":{"rendered":"\n<h4 class=\"wp-block-heading\">Prelucrarea datelor cu caracter personal, politica de confiden\u021bialitate<\/h4>\n\n\n\n<p>Acord\u0103m o maxim\u0103 protec\u021bie informa\u021biilor ce privesc Utilizatorii portalului nostru (vizitatori, poten\u021biali clien\u021bi, clien\u021bi, numi\u021bi \u00een cele ce urmeaz\u0103 Utilizatori), astfel \u00eenc\u00e2t depunem toate eforturile necesare pentru siguran\u021ba datelor dumneavoastr\u0103 personale atunci c\u00e2nd utiliza\u021bi Medvetconsult.<\/p>\n\n\n\n<p>Baza legal\u0103 a prelucr\u0103rii datelor cu caracter personal<\/p>\n\n\n\n<p>\u00cen concordan\u0163\u0103 cu cerin\u021bele Legii nr. 677\/2001 pentru protec\u021bia persoanelor cu privire la prelucrarea datelor cu caracter personal \u0219i libera circula\u021bie a acestor date (modificat\u0103 \u0219i completat\u0103 prin Decizia ANSPDCP nr. 200\/2015 \u0219i prin Decizia ANSPDCP nr. 99\/2018 privind \u00eencetarea aplicabilit\u0103\u021bii unor acte normative cu caracter administrativ): Medvetconsult are obliga\u021bia de a administra, \u00een condi\u021bii de siguran\u021b\u0103 \u0219i doar pentru scopurile specificate, datele personale pe care ni le furniza\u021bi despre dumneavoastr\u0103.<\/p>\n\n\n\n<p>Operatorul de date \u0219i persoana \u00eemputernicit\u0103<\/p>\n\n\n\n<p>\u00cen prelucrarea Datelor dumneavoastr\u0103 personale sunt implicate urm\u0103toarele persoane:<\/p>\n\n\n\n<p>Operator de date:<\/p>\n\n\n\n<p>Medvetconsult<\/p>\n\n\n\n<p>Scopul prelucr\u0103rii datelor:<\/p>\n\n\n\n<p>Prelucr\u0103m date personale ale vizitatorilor www.medvetconsult.ro prin colectarea de e-mail-uri pentru crearea unei baze de date prin intermediul platformei Medvetconsult.<\/p>\n\n\n\n<p>Aceasta \u00eenseamn\u0103 c\u0103 datele sunt necesare \u00een special pentru:<\/p>\n\n\n\n<p>\u25cf&nbsp; primirea de nout\u0103\u021bi \u0219i informa\u021bii comerciale despre lansarea oficial\u0103 a platformei<\/p>\n\n\n\n<p>\u25cf&nbsp; crearea unei baze de date pentru transmiterea de informa\u021bii comerciale c\u0103tre consumator<\/p>\n\n\n\n<p>\u25cf&nbsp; exercitarea de c\u0103tre Utilizator a oric\u0103rui drept pe care \u00eel are \u00een calitate de consumator<\/p>\n\n\n\n<p>\u25cf&nbsp; \u00een situa\u021bia \u00een care a\u021bi decis s\u0103 primi\u021bi informa\u021bii despre nout\u0103\u021bi \u0219i oferte speciale, proces\u0103m datele dumneavoastr\u0103 \u00een scopul de a v\u0103 transmite informa\u021bii comerciale, cum ar fi: informa\u021bii de marketing despre lansarea platformei, oferte speciale, articole informative.<\/p>\n\n\n\n<p>\u25cf&nbsp; scopul colect\u0103rii datelor este \u0219i de utilizare \u00een vederea factur\u0103rii pachetelor de promovare&nbsp; pentru persoanele juridice.<\/p>\n\n\n\n<p>Confiden\u021bialitatea datelor dumneavoastr\u0103 este unul dintre angajamentele noastre&nbsp; fundamentale&nbsp; \u0219i, prin urmare, ne asigur\u0103m c\u0103 prelucrarea datelor are loc \u00een deplin\u0103 conformitate cu&nbsp; principiile enun\u021bate \u00een&nbsp; legisla\u021bia&nbsp; aplicabil\u0103, inclusiv \u00een Regulamentului&nbsp; general&nbsp; privind protec\u021bia datelor. 679\/2016(\u201cGDPR\u201d).<\/p>\n\n\n\n<p>Conform Regulamentului European 2016\/679 privind protec\u021bia persoanelor fizice \u00een ceea ce prive\u0219te prelucrarea datelor cu caracter personal \u0219i privind libera circula\u021bie a acestor date \u0219i conform Legii nr. 506\/2004 privind prelucrarea datelor cu caracter personal \u0219i protec\u021bia vie\u021bii private \u00een sectorul comunica\u021biilor electronice, cu modificarile \u0219i complet\u0103rile ulterioare, Medvetconsult are obliga\u021bia de a prelucra date cu caracter personal \u00een conformitate cu principiile de prelucrare \u0219i \u00een condi\u021bii de securitate tehnic\u0103, numai pentru scopurile specificate mai jos:<\/p>\n\n\n\n<ol class=\"wp-block-list\">\n<li>Colectarea datelor cu caracter personal se face numai \u00een scopurile specificate, clare \u0219i legitime, iar acestea nu sunt prelucrate \u00een alt mod, incompatibil cu aceste scopuri.<\/li>\n<\/ol>\n\n\n\n<ol start=\"2\" class=\"wp-block-list\">\n<li>Datele cu caracter personal trebuie s\u0103 fie adecvate, relevante \u0219i neexcesive \u00een raport cu scopul pentru care sunt colectate \u0219i\/sau prelucrate ulterior.<\/li>\n<\/ol>\n\n\n\n<ol start=\"3\" class=\"wp-block-list\">\n<li>Datele cu caracter personal trebuie s\u0103 fie exacte \u0219i, dac\u0103 este necesar, s\u0103 fie actualizate sau \u0219terse \u00een conformitate cu cererile dumneavoastr\u0103. Vom lua toate m\u0103surile pentru \u0219tergerea sau rectificarea datelor inexacte, incomplete, av\u00e2nd \u00een vedere scopurile pentru care au fost colectate sau pentru care sunt prelucrate \u00een continuare.<\/li>\n<\/ol>\n\n\n\n<ol start=\"4\" class=\"wp-block-list\">\n<li>Datele dumneavoastr\u0103 cu caracter personal nu se p\u0103streaz\u0103 mai mult timp dec\u00e2t este necesar pentru scopurile pentru care au fost colectate sau pentru care sunt prelucrate ulterior.<\/li>\n<\/ol>\n\n\n\n<ol start=\"5\" class=\"wp-block-list\">\n<li>Datele cu caracter personal sunt prelucrate \u00een condi\u021bii de securitate \u0219i astfel se asigur\u0103 un nivel de protec\u021bie \u00eempotriva accesului neautorizat sau ilegal \u0219i, de asemenea, \u00een fa\u021ba pierderii, distrugerii sau deterior\u0103rii acestora.<\/li>\n<\/ol>\n\n\n\n<ol start=\"6\" class=\"wp-block-list\">\n<li>Medvetconsult nu promoveaz\u0103 SPAM-ul. Orice utilizator\/client care a furnizat explicit adresa de e-mail pe website-ul poate opta pentru \u0219tergerea acesteia din baza noastr\u0103 de date.<\/li>\n<\/ol>\n\n\n\n<ol start=\"7\" class=\"wp-block-list\">\n<li>Informa\u021biile pe care ni le pune\u021bi la dispozi\u021bie vor fi utilizate \u00een scopul pentru care le-a\u021bi furnizat, pentru a administra, a sprijini \u0219i a evalua serviciile noastre \u0219i a pre\u00eent\u00e2mpina \u00eenc\u0103lcarea securit\u0103\u021bii, a legii \u0219i a termenilor no\u0219tri contractuali.<\/li>\n<\/ol>\n\n\n\n<p>Medvetconsult p\u0103streaz\u0103 confiden\u021bialitatea datelor cu caracter personal ale utilizatorilor website-ului<a href=\"http:\/\/www.medatlas.ro\/\"> <\/a>\u00a0conform cerin\u021belor Regulamentului European 2016\/679.<\/p>\n\n\n\n<p>Categoriile de date personale prelucrate de c\u0103tre Medvetconsult sunt:<\/p>\n\n\n\n<p>\u25cf&nbsp; Pentru persoane fizice: numele \u0219i prenumele, adresa de e-mail; aceste date fiind exclusiv supuse normelor privind protec\u021bia datelor cu caracter personal.<\/p>\n\n\n\n<p>\u25cf&nbsp; Pentru persoane juridice (clinic\u0103, cabinet individual medical, unitate sanitar\u0103 de stat sau privat\u0103 ): denumirea clinicii, e-mailul clinicii, num\u0103rul de telefon<\/p>\n\n\n\n<p>&nbsp;adresa&nbsp; \u0219i CUI -\u00een vederea \u00eentocmirii facturi fiscale, \u00een cazul achizi\u021bion\u0103rii unui pachet de promovare.<\/p>\n\n\n\n<p>Aceste date nu sunt date cu caracter personal, dar va asigur\u0103m c\u0103 vom lua toate m\u0103surile necesare pentru a respectarea siguran\u021bei acestora.<\/p>\n\n\n\n<p>Dac\u0103 unele din datele despre dumneavoastr\u0103 sunt incorecte, v\u0103 rug\u0103m s\u0103 ne informa\u021bi c\u00e2t mai cur\u00e2nd posibil.<\/p>\n\n\n\n<p>Conform Legii nr. 677\/2001, beneficia\u021bi de dreptul de acces, de interven\u021bie asupra datelor, dreptul de a nu fi supus unei decizii individuale \u0219i dreptul de a v\u0103 adresa justi\u021biei.<\/p>\n\n\n\n<p>Totodat\u0103, ave\u021bi dreptul s\u0103 v\u0103 opune\u021bi prelucr\u0103rii datelor personale care v\u0103 privesc \u0219i s\u0103 solicita\u021bi \u0219tergerea datelor. <\/p>\n\n\n\n<p>Drepturile care pot fi exercitate cu privire la datele dumneavoastr\u0103 cu caracter personal sunt urm\u0103toarele:<\/p>\n\n\n\n<ol class=\"wp-block-list\">\n<li>Dreptul de a solicita o copie a datelor dumneavoastr\u0103 cu caracter personal, aflate \u00een posesia Medvetconsult;<\/li>\n<\/ol>\n\n\n\n<ol start=\"2\" class=\"wp-block-list\">\n<li>Dreptul de a solicita echipei Medvetconsult s\u0103 rectifice oricare date cu caracter personal inexacte sau care nu mai sunt de actualitate;<\/li>\n<\/ol>\n\n\n\n<ol start=\"3\" class=\"wp-block-list\">\n<li>Dreptul de a solicita ca datele dumneavoastr\u0103 cu caracter personal s\u0103 fie \u0219terse \u00een momentul \u00een care nu mai sunt necesare Medvetconsult;<\/li>\n<\/ol>\n\n\n\n<ol start=\"4\" class=\"wp-block-list\">\n<li>Dreptul de a solicita echipei Medvetconsult s\u0103 v\u0103 furnizeze datele cu caracter personal ob\u021binute direct de la dumneavoastr\u0103 \u0219i, dac\u0103 este posibil, s\u0103 transmit\u0103 acele date direct altui operator (dreptul la portabilitatea datelor);<\/li>\n<\/ol>\n\n\n\n<ol start=\"5\" class=\"wp-block-list\">\n<li>Dreptul de a retrage consim\u021b\u0103m\u00e2ntul cu privire la prelucrare, \u00een orice moment;<\/li>\n<\/ol>\n\n\n\n<ol start=\"6\" class=\"wp-block-list\">\n<li>Dreptul de restric\u021bionare a prelucr\u0103rii \u2013 \u00een cazul unui litigiu cu privire la corectitudinea prelucr\u0103rii datelor dumneavoastr\u0103 cu caracter personal;<\/li>\n<\/ol>\n\n\n\n<ol start=\"7\" class=\"wp-block-list\">\n<li>Dreptul de a \u00eenainta o pl\u00e2ngere la autoritatea de supraveghere (Autoritatea Na\u021bional\u0103 de Supraveghere a Prelucr\u0103rii Datelor cu Caracter Personal).<\/li>\n<\/ol>\n\n\n\n<p>Ce fel de informa\u021bii despre Utilizatori sunt publice?<\/p>\n\n\n\n<p>Medvetconsult ofer\u0103 Utilizatorilor posibilitatea de a c\u0103uta medici, clinici, cabinete sau alte unit\u0103\u021bi sanitare \u0219i de a face o programare prin telefon sau email.<\/p>\n\n\n\n<p>Activit\u0103\u021bi publice sunt orice ac\u021biuni desf\u0103\u0219urate pe platforma Medvetconsult care sunt proiectate s\u0103 fie vizibile pentru al\u021bi Utilizatori, inclusiv comentarii, recomand\u0103ri, recenzii.<\/p>\n\n\n\n<p>Durata de p\u0103strare a datelor<\/p>\n\n\n\n<p>Re\u021binem datele dumneavoastr\u0103 personale p\u00e2n\u0103 c\u00e2nd solicita\u021bi \u0219tergerea email-ului \u0219i a num\u0103rului de telefon al dumneavoastr\u0103 din baza noastr\u0103 de date.<\/p>\n\n\n\n<p>At\u00e2t emailul dumneavoastr\u0103 c\u00e2t \u0219i num\u0103rul de telefon poate fi \u0219terse at\u00e2t la cererea dumneavoastr\u0103, dar \u0219i ca urmare a retragerii consim\u021b\u0103m\u00e2ntului cu privire la procesarea datelor, a obiec\u021biei dumneavoastr\u0103 cu privire la prelucrarea datelor precum sau \u00een cazul solicit\u0103rii \u0219tergerii datelor.<\/p>\n\n\n\n<p>Cookies<\/p>\n\n\n\n<p>Website-ul folose\u0219te cookies.<\/p>\n\n\n\n<p>Cookies-urile sunt fi\u015fiere de mici dimensiuni care permit dispozitivelor folosite pentru navigarea pe internet (calculator, smartphone, tablet\u0103) s\u0103 salveze informa\u021bii specifice cu privire la activitatea pe platform\u0103, c\u00e2nd respectivul dispozitiv este folosit.<\/p>\n\n\n\n<p>Informa\u021biile stocate \u00een cookies sunt folosite, spre exemplu, pentru scopuri de publicitate ori statistice \u0219i pentru adaptarea platformei nevoilor dumneavoastr\u0103 specifice.<\/p>\n\n\n\n<p>Pute\u021bi schimba set\u0103rile cookie-urilor \u00een programul de navigare.<\/p>\n\n\n\n<p>Dac\u0103 set\u0103rile r\u0103m\u00e2n neschimbate cookies-urile vor fi salvate pe dispozitiv. Schimbarea set\u0103rilor cookie-urilor poate limita func\u021bionalitatea Medvetconsult.<\/p>\n\n\n\n<p>Linkuri<\/p>\n\n\n\n<p>Medvetconsult poate con\u021bine link-uri\/leg\u0103turi c\u0103tre pagini web apar\u021bin\u00e2nd ter\u021bilor, respectiv site-urilor clinicilor \u0219i cabinetelor medicale listate \u00een portalul de c\u0103utare.<\/p>\n\n\n\n<p>Nu de\u021binem controlul asupra acestor pagini ter\u021be, nu le monitoriz\u0103m \u0219i nu putem fi \u021binu\u021bi r\u0103spunz\u0103tori pentru protec\u021bia datelor efectuat\u0103 de ace\u0219ti ter\u021bi sau de con\u021binutul respectivelor pagini.<\/p>\n\n\n\n<p>Tracking tehnic (click-uri, IP, jude\u021b)<\/p>\n\n\n\n<p>Pentru a asigura func\u021bionarea corect\u0103 a platformei, pentru a preveni utilizarea abuziv\u0103 a serviciilor \u0219i pentru a realiza statistici interne, Medvetconsult colecteaz\u0103 automat anumite informa\u021bii tehnice la interac\u021biunile cu site-ul. Aceste date sunt folosite exclusiv \u00een scopuri de securitate, analiz\u0103 intern\u0103 \u0219i \u00eembun\u0103t\u0103\u021bire a serviciilor.<\/p>\n\n\n\n<p><strong>Datele colectate includ:<\/strong><\/p>\n\n\n\n<ul class=\"wp-block-list\">\n<li>adresa IP (prelucrat\u0103 \u00een mod pseudonimizat)<\/li>\n\n\n\n<li>jude\u021bul aproximativ determinat pe baza IP-ului<\/li>\n\n\n\n<li>tipul ac\u021biunii efectuate (de exemplu: click pe \u201eCall\u201d, \u201eEmail\u201d, \u201eWebsite\u201d)<\/li>\n\n\n\n<li>pagina vizitat\u0103<\/li>\n<\/ul>\n\n\n\n<p>Aceste date&nbsp;<strong>nu<\/strong>&nbsp;sunt folosite pentru profilare individual\u0103, nu sunt transmise ter\u021bilor pentru scopuri publicitare personalizate \u0219i sunt tratate cu m\u0103suri adecvate de securitate.<\/p>\n\n\n\n<p><strong>Scopul prelucr\u0103rii<\/strong><\/p>\n\n\n\n<p>&#8211; asigurarea func\u021bion\u0103rii \u0219i securit\u0103\u021bii platformei;<br>&#8211; prevenirea utiliz\u0103rii abuzive;<br>&#8211; generarea de statistici interne anonimizate;<br>&#8211; analiza performan\u021bei \u0219i a interesului utilizatorilor pentru serviciile afi\u0219ate.<\/p>\n\n\n\n<p>Linkuri<\/p>\n\n\n\n<p>Medvetconsult poate con\u021bine link-uri\/leg\u0103turi c\u0103tre pagini web apar\u021bin\u00e2nd ter\u021bilor, respectiv site-urilor clinicilor \u0219i cabinetelor medicale listate \u00een portalul de c\u0103utare.<\/p>\n\n\n\n<p>Nu de\u021binem controlul asupra acestor pagini ter\u021be, nu le monitoriz\u0103m \u0219i nu putem fi \u021binu\u021bi r\u0103spunz\u0103tori pentru protec\u021bia datelor efectuat\u0103 de ace\u0219ti ter\u021bi sau pentru con\u021binutul respectivelor pagini.<\/p>\n","protected":false},"excerpt":{"rendered":"<p>Prelucrarea datelor cu caracter personal, politica de confiden\u021bialitate Acord\u0103m o maxim\u0103 protec\u021bie informa\u021biilor ce privesc Utilizatorii portalului nostru (vizitatori, poten\u021biali clien\u021bi, clien\u021bi, numi\u021bi \u00een cele ce urmeaz\u0103 Utilizatori), astfel \u00eenc\u00e2t depunem toate eforturile necesare pentru siguran\u021ba datelor dumneavoastr\u0103 personale atunci c\u00e2nd utiliza\u021bi Medvetconsult. Baza legal\u0103 a prelucr\u0103rii datelor cu caracter&#8230; <a class=\"continue-reading-link\" href=\"https:\/\/medvetconsult.ro\/wordpress\/index.php\/politica-de-confidentialitate\/\">Continue reading<\/a><\/p>\n","protected":false},"author":1,"featured_media":0,"parent":0,"menu_order":0,"comment_status":"closed","ping_status":"closed","template":"","meta":{"footnotes":""},"class_list":["post-32","page","type-page","status-publish","hentry"],"_links":{"self":[{"href":"https:\/\/medvetconsult.ro\/wordpress\/index.php\/wp-json\/wp\/v2\/pages\/32","targetHints":{"allow":["GET"]}}],"collection":[{"href":"https:\/\/medvetconsult.ro\/wordpress\/index.php\/wp-json\/wp\/v2\/pages"}],"about":[{"href":"https:\/\/medvetconsult.ro\/wordpress\/index.php\/wp-json\/wp\/v2\/types\/page"}],"author":[{"embeddable":true,"href":"https:\/\/medvetconsult.ro\/wordpress\/index.php\/wp-json\/wp\/v2\/users\/1"}],"replies":[{"embeddable":true,"href":"https:\/\/medvetconsult.ro\/wordpress\/index.php\/wp-json\/wp\/v2\/comments?post=32"}],"version-history":[{"count":1,"href":"https:\/\/medvetconsult.ro\/wordpress\/index.php\/wp-json\/wp\/v2\/pages\/32\/revisions"}],"predecessor-version":[{"id":33,"href":"https:\/\/medvetconsult.ro\/wordpress\/index.php\/wp-json\/wp\/v2\/pages\/32\/revisions\/33"}],"wp:attachment":[{"href":"https:\/\/medvetconsult.ro\/wordpress\/index.php\/wp-json\/wp\/v2\/media?parent=32"}],"curies":[{"name":"wp","href":"https:\/\/api.w.org\/{rel}","templated":true}]}}