{"id":12,"date":"2026-02-10T13:34:14","date_gmt":"2026-02-10T13:34:14","guid":{"rendered":"https:\/\/medvetconsult.ro\/wordpress\/?page_id=12"},"modified":"2026-02-19T07:04:57","modified_gmt":"2026-02-19T07:04:57","slug":"servicii","status":"publish","type":"page","link":"https:\/\/medvetconsult.ro\/wordpress\/index.php\/servicii\/","title":{"rendered":"SERVICII COMERCIALE OFERITE"},"content":{"rendered":"\n<p><strong>SERVICII COMERCIALE OFERITE (RECOMAND\u0102RI GENERALE):<\/strong><\/p>\n\n\n\n<p><strong><mark style=\"background-color:rgba(0, 0, 0, 0)\" class=\"has-inline-color has-vivid-green-cyan-color\">Consultan\u021b\u0103 veterinar\u0103 online <\/mark><\/strong><\/p>\n\n\n\n<ul class=\"wp-block-list\">\n<li>Consultan\u021b\u0103 general\u0103 <\/li>\n\n\n\n<li>Evaluare simptome <\/li>\n\n\n\n<li>A doua opinie medical\u0103<\/li>\n\n\n\n<li>Monitorizare evolu\u021bie cazuri<\/li>\n\n\n\n<li>Sfaturi post-operatorii<\/li>\n\n\n\n<li>Interpretare rezultate analize (s\u00e2nge, urin\u0103, fecale)<\/li>\n<\/ul>\n\n\n\n<p><strong><strong><em>Consultan\u021ba primit\u0103 nu \u00eenlocuie\u0219te consulta\u021bia clinic\u0103 fizic\u0103\u00a0(care este recomandat\u0103)<\/em><\/strong><\/strong><\/p>\n\n\n\n<p><strong>\u00a0<mark style=\"background-color:rgba(0, 0, 0, 0)\" class=\"has-inline-color has-vivid-green-cyan-color\">Animale de companie (c\u00e2ini, pisici, animale exotice etc.)<\/mark><\/strong><\/p>\n\n\n\n<p><strong>&nbsp;Preven\u021bie \u0219i \u00eengrijire<\/strong><\/p>\n\n\n\n<ul class=\"wp-block-list\">\n<li>Scheme personalizate de vaccinare<\/li>\n\n\n\n<li>Deparazitare intern\u0103 \u0219i extern\u0103<\/li>\n\n\n\n<li>Profilaxie boli infec\u021bioase<\/li>\n\n\n\n<li>\u00cengrijire general\u0103 \u0219i bun\u0103stare<\/li>\n\n\n\n<li>Sfaturi pentru pui \u0219i animale senior<\/li>\n<\/ul>\n\n\n\n<p><strong>&nbsp;Nutri\u021bie veterinar\u0103<\/strong><\/p>\n\n\n\n<ul class=\"wp-block-list\">\n<li>Planuri alimentare personalizate<\/li>\n\n\n\n<li>Diete terapeutice (renale, hepatice, digestive)<\/li>\n\n\n\n<li>Nutri\u021bie pentru alergii alimentare<\/li>\n\n\n\n<li>Recomand\u0103ri suplimente<\/li>\n<\/ul>\n\n\n\n<p><strong>\u00a0<\/strong><mark style=\"background-color:rgba(0, 0, 0, 0)\" class=\"has-inline-color has-vivid-green-cyan-color\"><strong>Animale de rent\u0103<\/strong>\u00a0<strong>(suine, cabaline, bovine etc.)<\/strong><\/mark><\/p>\n\n\n\n<p><strong>&nbsp;Consultan\u021b\u0103 sanitar-veterinar\u0103<\/strong><\/p>\n\n\n\n<ul class=\"wp-block-list\">\n<li>Managementul s\u0103n\u0103t\u0103\u021bii efectivelor<\/li>\n\n\n\n<li>Programe de preven\u021bie boli<\/li>\n\n\n\n<li>Biosecuritate<\/li>\n\n\n\n<li>Reducerea mortalit\u0103\u021bii evectivelor<\/li>\n<\/ul>\n\n\n\n<p><strong>&nbsp;Nutri\u021bie \u0219i productivitate<\/strong><\/p>\n\n\n\n<ul class=\"wp-block-list\">\n<li>Ra\u021bii furajare optimizate<\/li>\n\n\n\n<li>Cre\u0219terea produc\u021biei (lapte, carne, ou\u0103)<\/li>\n\n\n\n<li>Evaluarea st\u0103rii corporale<\/li>\n\n\n\n<li>Optimizarea costurilor de produc\u021bie<\/li>\n<\/ul>\n\n\n\n<p><strong>&nbsp;Legisla\u021bie veterinar\u0103<\/strong><\/p>\n\n\n\n<ul class=\"wp-block-list\">\n<li>Preg\u0103tire controale DSV<\/li>\n\n\n\n<li>Legisla\u021bie sanitar-veterinar\u0103<\/li>\n\n\n\n<li>Documenta\u021bie specific\u0103 exploata\u021biilor<\/li>\n\n\n\n<li>Consiliere pentru autoriza\u021bii<\/li>\n<\/ul>\n\n\n\n<p><strong>&nbsp;Servicii pentru cabinete veterinare<\/strong><\/p>\n\n\n\n<ul class=\"wp-block-list\">\n<li>A doua opinie profesional\u0103<\/li>\n\n\n\n<li>Discu\u021bii cazuri complexe<\/li>\n\n\n\n<li>Consultan\u021b\u0103 deschidere cabinet<\/li>\n\n\n\n<li>Management \u0219i organizare cabinet<\/li>\n<\/ul>\n\n\n\n<p><strong><em>Serviciile oferite au caracter informativ \u0219i de consultan\u021b\u0103 \u0219i nu \u00eenlocuiesc consulta\u021bia veterinar\u0103 clinic\u0103 realizat\u0103 fizic<\/em><\/strong><em> <strong>\u00een cabinet medical veterinar.<\/strong><\/em><\/p>\n\n\n\n<p><\/p>\n","protected":false},"excerpt":{"rendered":"<p>SERVICII COMERCIALE OFERITE (RECOMAND\u0102RI GENERALE): Consultan\u021b\u0103 veterinar\u0103 online Consultan\u021ba primit\u0103 nu \u00eenlocuie\u0219te consulta\u021bia clinic\u0103 fizic\u0103\u00a0(care este recomandat\u0103) \u00a0Animale de companie (c\u00e2ini, pisici, animale exotice etc.) &nbsp;Preven\u021bie \u0219i \u00eengrijire &nbsp;Nutri\u021bie veterinar\u0103 \u00a0Animale de rent\u0103\u00a0(suine, cabaline, bovine etc.) &nbsp;Consultan\u021b\u0103 sanitar-veterinar\u0103 &nbsp;Nutri\u021bie \u0219i productivitate &nbsp;Legisla\u021bie veterinar\u0103 &nbsp;Servicii pentru cabinete veterinare Serviciile oferite au&#8230; <a class=\"continue-reading-link\" href=\"https:\/\/medvetconsult.ro\/wordpress\/index.php\/servicii\/\">Continue reading<\/a><\/p>\n","protected":false},"author":1,"featured_media":0,"parent":0,"menu_order":0,"comment_status":"closed","ping_status":"closed","template":"","meta":{"footnotes":""},"class_list":["post-12","page","type-page","status-publish","hentry"],"_links":{"self":[{"href":"https:\/\/medvetconsult.ro\/wordpress\/index.php\/wp-json\/wp\/v2\/pages\/12","targetHints":{"allow":["GET"]}}],"collection":[{"href":"https:\/\/medvetconsult.ro\/wordpress\/index.php\/wp-json\/wp\/v2\/pages"}],"about":[{"href":"https:\/\/medvetconsult.ro\/wordpress\/index.php\/wp-json\/wp\/v2\/types\/page"}],"author":[{"embeddable":true,"href":"https:\/\/medvetconsult.ro\/wordpress\/index.php\/wp-json\/wp\/v2\/users\/1"}],"replies":[{"embeddable":true,"href":"https:\/\/medvetconsult.ro\/wordpress\/index.php\/wp-json\/wp\/v2\/comments?post=12"}],"version-history":[{"count":18,"href":"https:\/\/medvetconsult.ro\/wordpress\/index.php\/wp-json\/wp\/v2\/pages\/12\/revisions"}],"predecessor-version":[{"id":174,"href":"https:\/\/medvetconsult.ro\/wordpress\/index.php\/wp-json\/wp\/v2\/pages\/12\/revisions\/174"}],"wp:attachment":[{"href":"https:\/\/medvetconsult.ro\/wordpress\/index.php\/wp-json\/wp\/v2\/media?parent=12"}],"curies":[{"name":"wp","href":"https:\/\/api.w.org\/{rel}","templated":true}]}}